{"id":62969,"date":"2020-10-30T14:45:38","date_gmt":"2020-10-30T13:45:38","guid":{"rendered":"https:\/\/www.ganischger.com\/impressum\/"},"modified":"2026-04-10T15:50:50","modified_gmt":"2026-04-10T13:50:50","slug":"colofone","status":"publish","type":"page","link":"https:\/\/www.ganis.it\/it\/ganischger-2\/colofone\/","title":{"rendered":"COLOFONE"},"content":{"rendered":"<h2>Indirizzo e informazioni<\/h2>\n<p>Ganis Resort<br \/>\nRio Nero 22<br \/>\n39050 Nova Ponente<\/p>\n<p><strong>Ganischger S.r.l.<\/strong><br \/>\n<strong>Via Sant&#8217;Osvaldo 2<\/strong><br \/>\n<strong>39100 Bolzano<\/strong><\/p>\n<p>Tel. +39 0471 616504<br \/>\nE-Mail: <a href=\"mailto:office@ganis.it\" rel=\"\">office@ganis.it<\/a><br \/>\nInternet: <a href=\"http:\/\/www.ganis.it\/it\/\" rel=\"\">www.ganis.it<\/a><\/p>\n<p>Rappresentante legale: Pichler Markus<br \/>\nCamera di Commercio: Bolzano<br \/>\nNumero di registrazione alla Camera di Commercio: 02525700213<br \/>\nREA nr.: BZ &#8211; 184587<br \/>\nP. IVA. nr.: IT02525700213<br \/>\nCodice fiscale: 02525700213<br \/>\nCapitale sociale: 50.000,00 \u20ac V.E.<br \/>\nCIN: IT021059A1AK5DPD9J<\/p>\n<h2>Grafica e programmazione<\/h2>\n<p>Effekt! S.r.l.<br \/>\nvia Val di Fiemme, 4<br \/>\n39044 Egna<br \/>\nBZ \u2013 Alto Adige<br \/>\n<a href=\"http:\/\/www.effekt.it\" target=\"_blank\" rel=\"noopener\">www.effekt.it<\/a><\/p>\n<p>Risoluzione delle controversie online secondo il regolamento UE n. 524\/2013: La Commissione europea mette a disposizione una piattaforma per la risoluzione delle controversie online (OS), che potete trovare al link <a href=\"https:\/\/ec.europa.eu\/consumers\/odr\" target=\"_blank\" rel=\"noopener\">https:\/\/ec.europa.eu\/consumers\/odr<\/a><br \/>\nI consumatori hanno la possibilit\u00e0 di utilizzare questa piattaforma per risolvere le loro controversie sugli obblighi contrattuali derivanti dalle vendite online o dai contratti di servizio online.<br \/>\nIndirizzo e-mail del fornitore: <a href=\"mailto:office@ganis.it\">office@ganis.it<\/a><\/p>\n<h2>Redazione:<\/h2>\n<p>Markus Pichler, Johanna Bozzetta, Claudia Messner<\/p>\n<h2>Esclusione di responsabilit\u00e0:<\/h2>\n<p>La GANISCHGER S.r.l. si impegna a garantire la correttezza delle informazioni contenute in questo sito web. Tuttavia, si esclude qualsiasi responsabilit\u00e0 o garanzia per l&#8217;attualit\u00e0, la correttezza e la completezza delle informazioni fornite. Inoltre, la GANISCHGER S.r.l. non \u00e8 responsabile del contenuto dei siti web collegati esternamente. La GANISCHGER S.r.l. si riserva il diritto di apportare modifiche o aggiunte alle informazioni fornite senza preavviso.<\/p>\n<h2>Titolare del trattamento dei dati personali:<\/h2>\n<p>Il titolare del trattamento dei dati personali derivanti dall&#8217;accesso e dall&#8217;utilizzo del sito web \u00e8 GANISCHGER S.r.l., 39100 Bolzano. Il responsabile della protezione dei dati \u00e8 il signor Pichler Markus.<br \/>\nPer informazioni dettagliate sulle modalit\u00e0 di gestione del sito web in relazione al trattamento dei dati personali di coloro che consultano questo sito web, si prega di fare riferimento alla protezione dei dati GDPR.<\/p>\n<h2>Diritti d&#8217;immagine \/ Fonti:<\/h2>\n<p>\u00a9 GANISCHGER S.r.l. \u2013 Pichler Markus<br \/>\n\u00a9 Effekt S.r.l.\u2013 Roland Pertner<br \/>\n\u00a9 Manuel Ferrigato<br \/>\n\u00a9 Harald Whisthaler<br \/>\n\u00a9 Guenther Pichler<br \/>\n\u00a9 Obereggen &#8211; Latemar SPA\/Helmut Rier\/Paolo Codeluppi\/Guenther Pichler<br \/>\n\u00a9 Eggental Tourismus\/Valentin Pardeller\/Guenther Pichler\/<br \/>\n\u00a9 Weisshorn SPA \u2013 Golf Club Petersberg<br \/>\n\u00a9 Canva.com<br \/>\n\u00a9 IDM S\u00fcdtirol\/Alex Filz\/Benjamin Pfitscher\/Marion Lafogler\/ManuelKottersteger\/Alex Moling\/Frieder Blickle\/Helmuth Rier\/Harald Wisthaler\/ArminTerzer\/OrtlerSkiarena-Alex Filz\/Florian Andergassen\/Hannes Niederkofler\/Andreas Mierswa\/TrickyTine<br \/>\n\u00a9 Jens V\u00f6gele<br \/>\n\u00a9 Dennis Stratmann<br \/>\n\u00a9 Daniel Mayr<br \/>\n\u00a9 Astrid Franz<br \/>\n\u00a9 Simona Pesarini<br \/>\n\u00a9 Stefano Scata<\/p>\n<h2>Copyright:<\/h2>\n<p>Il layout della homepage, la grafica utilizzata e i contenuti del sito web della GANISCHGER S.r.l. sono protetti da copyright. La riproduzione di informazioni, in particolare l&#8217;uso di testi, parti di testo o immagini richiede il previo consenso scritto della GANISCHGER S.r.l.<\/p>\n<p>\u00a9 GANISCHGER S.r.l. 2021 &#8211; Tutti i diritti riservati.<\/p>\n","protected":false},"excerpt":{"rendered":"<p>Indirizzo e informazioni Ganis Resort Rio Nero 22 39050 Nova Ponente Ganischger S.r.l. Via Sant&#8217;Osvaldo 2 39100 Bolzano Tel. +39 0471 616504 E-Mail: office@ganis.it Internet: www.ganis.it Rappresentante legale: Pichler Markus Camera di Commercio: Bolzano Numero di registrazione alla Camera di Commercio: 02525700213 REA nr.: BZ &#8211; 184587 P. IVA. nr.: IT02525700213 Codice fiscale: 02525700213 Capitale [&hellip;]<\/p>\n","protected":false},"author":1,"featured_media":0,"parent":63017,"menu_order":1006,"comment_status":"closed","ping_status":"closed","template":"template-dsgvo-impressum.php","meta":{"_acf_changed":false,"footnotes":""},"class_list":["post-62969","page","type-page","status-publish","hentry"],"acf":[],"_links":{"self":[{"href":"https:\/\/www.ganis.it\/it\/wp-json\/wp\/v2\/pages\/62969","targetHints":{"allow":["GET"]}}],"collection":[{"href":"https:\/\/www.ganis.it\/it\/wp-json\/wp\/v2\/pages"}],"about":[{"href":"https:\/\/www.ganis.it\/it\/wp-json\/wp\/v2\/types\/page"}],"author":[{"embeddable":true,"href":"https:\/\/www.ganis.it\/it\/wp-json\/wp\/v2\/users\/1"}],"replies":[{"embeddable":true,"href":"https:\/\/www.ganis.it\/it\/wp-json\/wp\/v2\/comments?post=62969"}],"version-history":[{"count":5,"href":"https:\/\/www.ganis.it\/it\/wp-json\/wp\/v2\/pages\/62969\/revisions"}],"predecessor-version":[{"id":90527,"href":"https:\/\/www.ganis.it\/it\/wp-json\/wp\/v2\/pages\/62969\/revisions\/90527"}],"up":[{"embeddable":true,"href":"https:\/\/www.ganis.it\/it\/wp-json\/wp\/v2\/pages\/63017"}],"wp:attachment":[{"href":"https:\/\/www.ganis.it\/it\/wp-json\/wp\/v2\/media?parent=62969"}],"curies":[{"name":"wp","href":"https:\/\/api.w.org\/{rel}","templated":true}]}}