{"id":62971,"date":"2020-10-30T14:46:00","date_gmt":"2020-10-30T13:46:00","guid":{"rendered":"https:\/\/www.ganischger.com\/dsgvo\/"},"modified":"2026-04-10T15:57:02","modified_gmt":"2026-04-10T13:57:02","slug":"dsgvo","status":"publish","type":"page","link":"https:\/\/www.ganis.it\/it\/ganischger-2\/dsgvo\/","title":{"rendered":"DSGVO"},"content":{"rendered":"<h2>11. Guest Pass<\/h2>\n<p><strong>Finalit\u00e0<\/strong><br \/>\nI dati personali forniti saranno trasmessi al Centro Unico di Coordinamento Carte Ospiti al fine di consentire la creazione e l&#8217;utilizzo del Guest Pass e l&#8217;erogazione dei relativi servizi.<\/p>\n<p><strong>Destinatario<\/strong><br \/>\nIn relazione al rilascio del Guest Pass, i suoi dati saranno trasmessi al Consorzio Mobilit\u00e0, con partita IVA 02735170215 che, in qualit\u00e0 di titolare della carta ospite e centro unico di coordinamento, agisce come autonomo titolare del trattamento dei dati trasmessi. Per maggiori informazioni sul trattamento a cui sono sottoposti i dati, \u00e8 possibile inviare una e-mail a privacy@moko.bz.it.<\/p>\n<p class=\"p2\"><strong>Base giuridica<\/strong><br \/>\nLa base giuridica del trattamento \u00e8 l&#8217;art. 6 (1) (b) del GDPR.<\/p>\n<p>Per ulteriori informazioni e le condizioni generali di contratto della Ganischger GmbH, si prega di consultare i nostri <a href=\"https:\/\/www.ganis.it\/it\/termini-condizioni\/\">termini e condizioni generali.<\/a><\/p>\n<h2>12. Modifiche a questa Informativa sulla Privacy<\/h2>\n<p>Il responsabile si riserva il diritto di apportare modifiche a questa informativa sulla privacy in qualsiasi momento informando i suoi utenti su questa pagina. Si consiglia quindi agli utenti di visitare regolarmente questa pagina e di controllare la data dell&#8217;ultima modifica indicata in fondo alla pagina. Se un utente rifiuta una modifica dell&#8217;informativa sulla privacy, non pu\u00f2 pi\u00f9 utilizzare questa applicazione e pu\u00f2 chiedere al Titolare di cancellare i suoi dati personali. Se non diversamente indicato, l&#8217;attuale politica sulla privacy si applica a tutti i dati personali che l&#8217;entit\u00e0 responsabile ha memorizzato su un utente.<\/p>\n<p>Bolzano, 20 novembre 2024<\/p>\n","protected":false},"excerpt":{"rendered":"<p>11. Guest Pass Finalit\u00e0 I dati personali forniti saranno trasmessi al Centro Unico di Coordinamento Carte Ospiti al fine di consentire la creazione e l&#8217;utilizzo del Guest Pass e l&#8217;erogazione dei relativi servizi. Destinatario In relazione al rilascio del Guest Pass, i suoi dati saranno trasmessi al Consorzio Mobilit\u00e0, con partita IVA 02735170215 che, in [&hellip;]<\/p>\n","protected":false},"author":1,"featured_media":0,"parent":63017,"menu_order":1007,"comment_status":"closed","ping_status":"closed","template":"template-dsgvo.php","meta":{"_acf_changed":false,"footnotes":""},"class_list":["post-62971","page","type-page","status-publish","hentry"],"acf":[],"_links":{"self":[{"href":"https:\/\/www.ganis.it\/it\/wp-json\/wp\/v2\/pages\/62971","targetHints":{"allow":["GET"]}}],"collection":[{"href":"https:\/\/www.ganis.it\/it\/wp-json\/wp\/v2\/pages"}],"about":[{"href":"https:\/\/www.ganis.it\/it\/wp-json\/wp\/v2\/types\/page"}],"author":[{"embeddable":true,"href":"https:\/\/www.ganis.it\/it\/wp-json\/wp\/v2\/users\/1"}],"replies":[{"embeddable":true,"href":"https:\/\/www.ganis.it\/it\/wp-json\/wp\/v2\/comments?post=62971"}],"version-history":[{"count":3,"href":"https:\/\/www.ganis.it\/it\/wp-json\/wp\/v2\/pages\/62971\/revisions"}],"predecessor-version":[{"id":90530,"href":"https:\/\/www.ganis.it\/it\/wp-json\/wp\/v2\/pages\/62971\/revisions\/90530"}],"up":[{"embeddable":true,"href":"https:\/\/www.ganis.it\/it\/wp-json\/wp\/v2\/pages\/63017"}],"wp:attachment":[{"href":"https:\/\/www.ganis.it\/it\/wp-json\/wp\/v2\/media?parent=62971"}],"curies":[{"name":"wp","href":"https:\/\/api.w.org\/{rel}","templated":true}]}}